{"id":1448,"date":"2026-03-14T12:45:52","date_gmt":"2026-03-14T09:45:52","guid":{"rendered":"https:\/\/scoala182.ro\/site\/?page_id=1448"},"modified":"2026-03-14T12:56:48","modified_gmt":"2026-03-14T09:56:48","slug":"inscriere-in-clasa-pregatitoare-2026","status":"publish","type":"page","link":"https:\/\/scoala182.ro\/site\/inscriere-in-clasa-pregatitoare-2026\/","title":{"rendered":"Inscriere \u00een clasa preg\u0103titoare 2026"},"content":{"rendered":"\n<h2 class=\"wp-block-heading\"><a href=\"http:\/\/ismb.edu.ro\/index.php\/inspectie-scolara-si-curriculum\/invatamant-primar\/inscrierea-in-invatamantul-primar-2026\">\u00censcrierea \u00een \u00eenv\u0103\u021b\u0103m\u00e2ntul primar 2026<\/a><\/h2>\n\n\n\n<style> \/* GALERIE *\/ .gallery{ display:grid; grid-template-columns:repeat(4,1fr); gap:10px; width:100%; max-width:100%; margin:auto; } \/* IMAGINI *\/ .gallery img{ width:100%; aspect-ratio:1\/1; object-fit:cover; cursor:pointer; border-radius:6px; transition:transform .25s ease; } .gallery img:hover{ transform:scale(1.04); } \/* LIGHTBOX *\/ .lightbox{ position:fixed; top:0; left:0; width:100%; height:100%; background:rgba(0,0,0,0.92); display:none; justify-content:center; align-items:center; z-index:9999; } .lightbox img{ max-width:92%; max-height:92%; } \/* CLOSE *\/ .close{ position:absolute; top:25px; right:35px; font-size:40px; color:white; cursor:pointer; } \/* ARROWS *\/ .arrow{ position:absolute; top:50%; transform:translateY(-50%); font-size:60px; color:white; cursor:pointer; user-select:none; padding:15px; } .arrow.left{ left:20px; } .arrow.right{ right:20px; } \/* TABLET *\/ @media(max-width:900px){ .gallery{ grid-template-columns:repeat(2,1fr); } } \/* MOBILE *\/ @media(max-width:500px){ .gallery{ grid-template-columns:1fr; } } <\/style> <div class=\"gallery\"> <img decoding=\"async\" src=\"https:\/\/scoala12bucuresti.ro\/site\/wp-content\/uploads\/2026\/03\/1.jpeg\"> <img decoding=\"async\" src=\"https:\/\/scoala12bucuresti.ro\/site\/wp-content\/uploads\/2026\/03\/2.jpeg\"> <img decoding=\"async\" src=\"https:\/\/scoala12bucuresti.ro\/site\/wp-content\/uploads\/2026\/03\/3.jpeg\"> <img decoding=\"async\" src=\"https:\/\/scoala12bucuresti.ro\/site\/wp-content\/uploads\/2026\/03\/4.jpeg\"> <img decoding=\"async\" src=\"https:\/\/scoala182.ro\/site\/wp-content\/uploads\/2026\/03\/24-1-1.png\"> <img decoding=\"async\" src=\"https:\/\/scoala182.ro\/site\/wp-content\/uploads\/2026\/03\/24-2.png\"> <img decoding=\"async\" src=\"https:\/\/scoala182.ro\/site\/wp-content\/uploads\/2026\/03\/f3.png\"> <img decoding=\"async\" src=\"https:\/\/scoala182.ro\/site\/wp-content\/uploads\/2026\/03\/f3-1.png\"> <\/div> <div class=\"lightbox\" id=\"lightbox\"> <span class=\"close\">\u00d7<\/span> <span class=\"arrow left\">\u276e<\/span> <img id=\"lightbox-img\"> <span class=\"arrow right\">\u276f<\/span> <\/div> <script> const images=document.querySelectorAll(\".gallery img\"); const lightbox=document.getElementById(\"lightbox\"); const lightboxImg=document.getElementById(\"lightbox-img\"); const closeBtn=document.querySelector(\".close\"); const nextBtn=document.querySelector(\".arrow.right\"); const prevBtn=document.querySelector(\".arrow.left\"); let currentIndex=0; images.forEach((img,index)=>{ img.addEventListener(\"click\",()=>{ currentIndex=index; showImage(); lightbox.style.display=\"flex\"; }); }); function showImage(){ lightboxImg.src=images[currentIndex].src; } function next(){ currentIndex=(currentIndex+1)%images.length; showImage(); } function prev(){ currentIndex=(currentIndex-1+images.length)%images.length; showImage(); } nextBtn.onclick=next; prevBtn.onclick=prev; closeBtn.onclick=()=>{ lightbox.style.display=\"none\"; }; lightbox.onclick=(e)=>{ if(e.target===lightbox){ lightbox.style.display=\"none\"; } }; \/* SWIPE MOBILE *\/ let startX=0; lightbox.addEventListener(\"touchstart\",e=>{ startX=e.touches[0].clientX; }); lightbox.addEventListener(\"touchend\",e=>{ let endX=e.changedTouches[0].clientX; if(startX-endX>60){ next(); } if(endX-startX>60){ prev(); } }); <\/script>\n\n\n\n<p><strong>LEGISLA\u021aIE<\/strong><\/p>\n\n\n\n<ul class=\"wp-block-list\">\n<li><a href=\"http:\/\/ismb.edu.ro\/documente\/clasa0\/2026\/OME_nr_4019_15_03_2024_Metodologie_inscriere_inv_primar_24_25.pdf\" target=\"_blank\" rel=\"noreferrer noopener\">Ordin ME nr. 4019\/15.03.2024 privind aprobarea Metodologiei de \u00eenscriere a copiilor \u00een \u00eenv\u0103\u021b\u0103m\u00e2ntul primar pentru anul \u0219colar 2024-2025 \u0219i a Calendarului \u00eenscrierii<\/a><\/li>\n\n\n\n<li><a href=\"http:\/\/ismb.edu.ro\/documente\/clasa0\/2026\/Calendarul_inscrierii_invatamantul_primar_2026_2027.pdf\" target=\"_blank\" rel=\"noreferrer noopener\">Ordin MEC nr. 3334\/26.02.2026 privind aprobarea Calendarului \u00eenscrierii \u00een \u00eenv\u0103\u021b\u0103m\u00e2ntul primar pentru anul \u0219colar 2026-2027<\/a><\/li>\n<\/ul>\n\n\n\n<p><strong>PLAN DE M\u0102SURI \u0218I PROCEDURI<\/strong><\/p>\n\n\n\n<ul class=\"wp-block-list\">\n<li><a href=\"http:\/\/ismb.edu.ro\/documente\/clasa0\/2026\/plan_masuri_inscriere_2026_2027.pdf\" target=\"_blank\" rel=\"noreferrer noopener\">Plan de m\u0103suri pentru preg\u0103tirea \u0219i organizarea \u00eenscrierii copiilor \u00een \u00eenv\u0103\u021b\u0103m\u00e2ntul primar \u00een anul \u0219colar 2026-2027<\/a><\/li>\n<\/ul>\n\n\n\n<p><strong>AM\u00c2NAREA \u00ceNSCRIERII \u00ceN \u00ceNV\u0102\u021a\u0102M\u00c2NTUL PRIMAR<\/strong><\/p>\n\n\n\n<ul class=\"wp-block-list\">\n<li><a href=\"http:\/\/ismb.edu.ro\/documente\/clasa0\/2026\/anunt_amanare_inscriere.pdf\" target=\"_blank\" rel=\"noreferrer noopener\">Anun\u021b privind am\u00e2narea \u00eenscrierii \u00een \u00eenv\u0103\u021b\u0103m\u00e2ntul primar<\/a><\/li>\n\n\n\n<li><a href=\"http:\/\/ismb.edu.ro\/documente\/clasa0\/2026\/cerere_amanare_inscriere.pdf\" target=\"_blank\" rel=\"noreferrer noopener\">Cerere privind am\u00e2narea \u00eenscrierii \u00een \u00eenv\u0103\u021b\u0103m\u00e2ntul primar<\/a><\/li>\n<\/ul>\n\n\n\n<p><strong>CIRCUMSCRIP\u021aII \u0218I PLAN DE \u0218COLARIZARE<\/strong><\/p>\n\n\n\n<ul class=\"wp-block-list\">\n<li><a href=\"https:\/\/ismb.ro\/circumscriptii_scolare\/detaliu_circumscriptii.php?id_unitate=20\" target=\"_blank\" rel=\"noreferrer noopener\">Circumscrip\u021bia \u0219colar\u0103 \u0219i plan de \u0219colarizare 2026-2027<\/a><\/li>\n\n\n\n<li><a href=\"http:\/\/ismb.edu.ro\/documente\/clasa0\/2026\/Proiect_plan_scolarizare_clasa_pregatitoare__2026_2027_particular.xlsx\" target=\"_blank\" rel=\"noreferrer noopener\">Proiectul planului de \u0219colarizare pentru anul \u0219colar 2026-2027, clasa preg\u0103titoare, \u00eenv\u0103\u021b\u0103m\u00e2nt particular<\/a><\/li>\n\n\n\n<li><a href=\"http:\/\/ismb.edu.ro\/documente\/clasa0\/2026\/Alternative.xlsx\" target=\"_blank\" rel=\"noreferrer noopener\">Unit\u0103\u021bile de \u00eenv\u0103\u021b\u0103m\u00e2nt care au \u00een ofert\u0103 clase organizate conform reglement\u0103rilor specifice alternativelor educa\u021bionale<\/a><\/li>\n\n\n\n<li><a href=\"http:\/\/ismb.edu.ro\/documente\/clasa0\/2026\/Centralizator_probe_limba_minoritatilor_nationale.xlsx\" target=\"_blank\" rel=\"noreferrer noopener\">Unit\u0103\u021bile de \u00eenv\u0103\u021b\u0103m\u00e2nt care au \u00een ofert\u0103 clase cu predare \u00een limbile minorit\u0103\u021bilor na\u021bionale<\/a><\/li>\n\n\n\n<li><a href=\"http:\/\/ismb.edu.ro\/documente\/clasa0\/2026\/Unitati_scoala_dupa_scoala_semiinternat_2026_2027.xlsx\" target=\"_blank\" rel=\"noreferrer noopener\">Unit\u0103\u021bi \u00een care exist\u0103 posibilitatea organiz\u0103rii programului \u0218coal\u0103 dup\u0103 \u0218coal\u0103 sau \u00een care func\u021bioneaz\u0103 semiinternat<\/a><\/li>\n<\/ul>\n\n\n\n<p><strong>DOCUMENTE UTILE<\/strong><\/p>\n\n\n\n<ul class=\"wp-block-list\">\n<li><a href=\"http:\/\/ismb.edu.ro\/documente\/clasa0\/2026\/ANEXA_1.pdf\" target=\"_blank\" rel=\"noreferrer noopener\">Anexa nr. 1 la Metodologia de \u00eenscriere a copiilor \u00een \u00eenv\u0103\u021b\u0103m\u00e2ntul primar pentru anul \u0219colar 2026-2027 &#8211; solicitare recomandare din partea unit\u0103\u021bii de \u00eenv\u0103\u021b\u0103m\u00e2nt pre\u0219colar<\/a><\/li>\n\n\n\n<li><a href=\"http:\/\/ismb.edu.ro\/documente\/clasa0\/2026\/ANEXA_2_CMBRAE.pdf\" target=\"_blank\" rel=\"noreferrer noopener\">Anexa nr. 2 la Metodologia de \u00eenscriere a copiilor \u00een \u00eenv\u0103\u021b\u0103m\u00e2ntul primar pentru anul \u0219colar 2026-2027 &#8211; cerere evaluare C.M.B.R.A.E.<\/a><\/li>\n\n\n\n<li><a href=\"http:\/\/ismb.edu.ro\/documente\/clasa0\/2026\/ANEXA_3.pdf\" target=\"_blank\" rel=\"noreferrer noopener\">Anexa nr. 3 la Metodologia de \u00eenscriere a copiilor \u00een \u00eenv\u0103\u021b\u0103m\u00e2ntul primar pentru anul \u0219colar 2026-2027 &#8211; declara\u021bie pe propria r\u0103spundere &#8211; p\u0103rinte<\/a><\/li>\n<\/ul>\n\n\n\n<p><strong>COMUNIC\u0102RI<\/strong><\/p>\n\n\n\n<ul class=\"wp-block-list\">\n<li><a href=\"http:\/\/ismb.edu.ro\/documente\/clasa0\/2026\/Centralizator_probe_aptitudini.xlsx\" target=\"_blank\" rel=\"noreferrer noopener\">Unit\u0103\u021bi de \u00eenv\u0103\u021b\u0103m\u00e2nt care organizeaz\u0103 testarea aptitudinilor copiilor care ar putea parcurge, \u00eencep\u00e2nd cu clasa I, program integrat sportiv<\/a><\/li>\n\n\n\n<li><a href=\"http:\/\/ismb.edu.ro\/documente\/clasa0\/2026\/Precizari_CMBRAE_evaluare_CP_2026.pdf\" target=\"_blank\" rel=\"noreferrer noopener\">Preciz\u0103ri CMBRAE cu privire la activitatea de evaluare a nivelului de dezvoltare a copiilor \u00een vederea \u00eenscrierii \u00een clasa preg\u0103titoare pentru anul \u0219colar 2026-2027<\/a><\/li>\n\n\n\n<li>Num\u0103rul de telefon&nbsp;<strong>TelVerde 0800816021<\/strong>&nbsp;va fi disponibil \u00een perioadele de \u00eenscriere (conform calendarului), de luni p\u00e2n\u0103 joi, \u00eentre orele 8.00\u201316.30, iar vineri, \u00eentre orele 8.00 \u2013 14.00.<\/li>\n<\/ul>\n\n\n\n<p>* Informatiile sunt in curs de actualizare<\/p>\n","protected":false},"excerpt":{"rendered":"<p>\u00censcrierea \u00een \u00eenv\u0103\u021b\u0103m\u00e2ntul primar 2026 \u00d7 \u276e \u276f LEGISLA\u021aIE PLAN DE M\u0102SURI \u0218I PROCEDURI AM\u00c2NAREA \u00ceNSCRIERII \u00ceN \u00ceNV\u0102\u021a\u0102M\u00c2NTUL PRIMAR CIRCUMSCRIP\u021aII \u0218I PLAN DE \u0218COLARIZARE DOCUMENTE UTILE COMUNIC\u0102RI * Informatiile sunt&hellip;<\/p>\n<div class=\"read-more\"><a href=\"https:\/\/scoala182.ro\/site\/inscriere-in-clasa-pregatitoare-2026\/\" class=\"read-more-link\">Vezi mai mult &#8230;<\/a><\/div>\n","protected":false},"author":1,"featured_media":0,"parent":0,"menu_order":0,"comment_status":"closed","ping_status":"closed","template":"","meta":{"footnotes":""},"class_list":["post-1448","page","type-page","status-publish","hentry"],"_links":{"self":[{"href":"https:\/\/scoala182.ro\/site\/wp-json\/wp\/v2\/pages\/1448","targetHints":{"allow":["GET"]}}],"collection":[{"href":"https:\/\/scoala182.ro\/site\/wp-json\/wp\/v2\/pages"}],"about":[{"href":"https:\/\/scoala182.ro\/site\/wp-json\/wp\/v2\/types\/page"}],"author":[{"embeddable":true,"href":"https:\/\/scoala182.ro\/site\/wp-json\/wp\/v2\/users\/1"}],"replies":[{"embeddable":true,"href":"https:\/\/scoala182.ro\/site\/wp-json\/wp\/v2\/comments?post=1448"}],"version-history":[{"count":5,"href":"https:\/\/scoala182.ro\/site\/wp-json\/wp\/v2\/pages\/1448\/revisions"}],"predecessor-version":[{"id":1462,"href":"https:\/\/scoala182.ro\/site\/wp-json\/wp\/v2\/pages\/1448\/revisions\/1462"}],"wp:attachment":[{"href":"https:\/\/scoala182.ro\/site\/wp-json\/wp\/v2\/media?parent=1448"}],"curies":[{"name":"wp","href":"https:\/\/api.w.org\/{rel}","templated":true}]}}